{"id":28,"date":"2022-02-01T05:40:50","date_gmt":"2022-02-01T05:40:50","guid":{"rendered":"https:\/\/strauchcomposer.de\/?page_id=28"},"modified":"2026-03-13T22:59:30","modified_gmt":"2026-03-13T22:59:30","slug":"news","status":"publish","type":"page","link":"https:\/\/strauchcomposer.de\/index.php\/news\/","title":{"rendered":"NEWS"},"content":{"rendered":"\n<p><strong>2025<\/strong><\/p>\n\n\n\n<p>&#8211; 21.3.25, 20:00, Logo &amp; Animated Gif III. J.X.S (3 min.), Jan Gerdes, Klavier, schwere reiter m\u00fcnchen<\/p>\n\n\n\n<p>&#8211; 21.3.25, Concerto bavarese, Kampf von \u00c1smund und Hildebrand (Gr. Ensemble) (13 min.)<\/p>\n\n\n\n<p>&#8211; 10.4.25, 20:00, MNEMOSYNE VARIANTEN &#8211; eine auskomponierte Pousseur-Interpretation (8 min.), NKM, schwere reiter m\u00fcnchen<\/p>\n\n\n\n<p>&#8211; 10.4.25, 20:00, variations vagues avec des vagues: tant\u00f4t libres, tant\u00f4t concr\u00e8tes, tant\u00f4t fluides f\u00fcr Violoncello, E \u2013 Gitarre, Synthesizer, singende Musiker:innen und Objekte (11 min.), NKM, schwere reiter m\u00fcnchen<\/p>\n\n\n\n<p>&#8211; 29.4.25, Concerto bavarese, Kampf von \u00c1smund und Hildebrand (Gr. Ensemble) (13 min.)<\/p>\n\n\n\n<p>&#8211; 4.5.25, Un soir, j&#8217;ai assis la Beaut\u00e9 sur mes genoux. &#8211; Et je l&#8217;ai trouv\u00e9e am\u00e8re. &#8211; Et je l&#8217;ai injuri\u00e9e. Une Rimbaud-Aubade instrumentale pour quatuor-saxophones (12 min.), Quasar \u2013 Quatuor de Saxophone, Montreal\/Quebec\/Kanada<\/p>\n\n\n\n<p>&#8211; 5.6.25, Concerto bavarese, Streichquartett Nr. 1 (12 min.)<\/p>\n\n\n\n<p>&#8211; 7.6.25, busy in a melting pot (8 min.), Akkordeonkonzert, Neza Torkar, Th\u00fcringer Symphoniker, mon ami Weimar<\/p>\n\n\n\n<p>&#8211; 19.6.25, 23:00, 1. Streichquartett, Horizonte, BR Klassik<\/p>\n\n\n\n<p>&#8211; 24.6.25, 19:30, Regenbogenkonzert der M\u00fcnchner Philharmoniker, Intermezzo funebre f\u00fcr Kammerorchester (8 min.), Rainbow Sound Orchestra Munich, Altes Rathaus M\u00fcnchen<\/p>\n\n\n\n<p>&#8211; 24.6.25, 19:30, Regenbogenkonzert der M\u00fcnchner Philharmoniker, Boulez-Improvisation (4 min.), Rainbow Sound Orchestra Munich, Altes Rathaus M\u00fcnchen<\/p>\n\n\n\n<p>&#8211; 4.7.25, 20:00, schwere reiter, adevantgarde-Festivals, Un soir, j&#8217;ai assis la Beaut\u00e9 sur mes genoux. &#8211; Et je l&#8217;ai trouv\u00e9e am\u00e8re. &#8211; Et je l&#8217;ai injuri\u00e9e. Une Rimbaud-Aubade instrumentale pour quatuor-saxophones (12 min.), Quasar \u2013 Quatuor de Saxophone, schwere reiter m\u00fcnchen<\/p>\n\n\n\n<p>&#8211; 2.9.25, Concerto bavarese, Frei nach Derrida: Mit Marx\u2019 Gespenstern reden (Ensemble) (8 min.)<\/p>\n\n\n\n<p>&#8211; 5.10.25, 20:00, selig-frieden-zweck-ketten (9 min.), Gesang und 3 Lautsprecher-Performer und Live-Elektronik, NKM, Deutsches Museum M\u00fcnchen, Instrumentensammlung<\/p>\n\n\n\n<p>&#8211; 11.10.25, 15:00, Auszug aus Chnospinci, Gesang und Cello (8 min.), Ensemble +voce+, Concert Hall Daegu, Chamber Hall, Daegu\/S\u00fcdkorea<\/p>\n\n\n\n<p>&#8211; 14.10.25, 18:30, Auszug aus Chnospinci, Gesang und Cello (8 min.), Ensemble +voce+, Gachon University, Konzertsaal der Musikabteilung, Seoul, S\u00fcdkorea<\/p>\n\n\n\n<p>&#8211; 25.10.25, 19:30, Lazarus\/The Blind, Musiktheater, Musik zu The Blind (25 min.), Theaterakademie, Regie Martina Veh, Musikalische Leitung Joachim Tschiedel, Bergson, M\u00fcnchen<\/p>\n\n\n\n<p>&#8211; 26.10.25, 15:30, Lazarus\/The Blind, Musiktheater, Musik zu The Blind (25 min.), Theaterakademie, Regie Martina Veh, Musikalische Leitung Joachim Tschiedel, Bergson, M\u00fcnchen<\/p>\n\n\n\n<p>&#8211; 26.10.25, 17:00, Drei Aggregate f\u00fcr Klarinette solo (9 min.), mgnm Musikfest, schwere reiter m\u00fcnchen<\/p>\n\n\n\n<p>&#8211; 26.10.25, 19:30, Lazarus\/The Blind, Musiktheater, Musik zu The Blind (25 min.), Theaterakademie, Regie Martina Veh, Musikalische Leitung Joachim Tschiedel, Bergson, M\u00fcnchen<\/p>\n\n\n\n<p>&#8211; 30.10.25, Concerto bavarese, Kampf von \u00c1smund und Hildebrand (Gr. Ensemble) (13 min.)<\/p>\n\n\n\n<p>&#8211; 02.11.25, 16:00, Auszug aus Chnospinci, Gesang und Cello (8 min.), Ensemble +voce+, Villa Novalis, Hirschberg<\/p>\n\n\n\n<p>&#8211; 12.11.25, 20:00, Mutter (12 min.), f\u00fcr Gesang, E-Gitarre, Violine und Synthesizer, NKM, schwere reiter m\u00fcnchen<\/p>\n\n\n\n<p>&#8211; 12.11.25, 20:00, selig-frieden-zweck-ketten (9 min.), Gesang und 3 Lautsprecher-Performer und Live-Elektronik, NKM, schwere reiter m\u00fcnchen<\/p>\n\n\n\n<p>&#8211; 9.12.25, 20:00, eingeschlossen\u2026, Posaune solo (6 min.), Jakob Grimm, mgnm, belleparais M\u00fcnchen<\/p>\n\n\n\n<p>&#8211; 09.12.25, Concerto bavarese, Streichquartett Nr. 2 &#8211; &#8222;Linie und Block&#8220; (12 min.)<\/p>\n\n\n\n<p><strong>2024<\/strong><\/p>\n\n\n\n<p>&#8211; 25.4.24 reversals and exchanges f\u00fcr E-Git., Cello, Violine, Klavier und Live-Elektronik (UA), NKM &#8211; Neues Kollektiv M\u00fcnchen, Schwere Reiter M\u00fcnchen<\/p>\n\n\n\n<p>&#8211; 24.5.34, secundum naturam in memoriam Gloria Coates f\u00fcr Orchester (UA), Th\u00fcringer Symphoniker, Markus Frank, Fr\u00fchjahrstage Weimar, mon ami, 2. Preis und Publikumspreis des Orchesterwettewerbs<\/p>\n\n\n\n<p>&#8211; 28.5.24, Kampf von \u00c1smund und Hildebrand, Roman Payer, Timothy Sharp, Ensemble Schwerpunkt, ensemble risonanze erranti, Ltg. Peter Tilling, Concerto Bavarese, B2<\/p>\n\n\n\n<p>&#8211; 13.6.24, Bearbeitungen f\u00fcr reduziertes Orchester: Prelude aus Callirhoe von C\u00e9cile Chaminade, Regenbogenkonzert der M\u00fcnchner Philharmoniker, Rainbow Sound Orchestra Munich<\/p>\n\n\n\n<p>&#8211; 13.6.24, Bearbeitung f\u00fcr reduziertes Orchester: II. Satz Sinfonie Nr. 20 von Nikolai Myaskovsky, Regenbogenkonzert der M\u00fcnchner Philharmoniker, Rainbow Sound Orchestra Munich<\/p>\n\n\n\n<p>&#8211; 23.7.24, All work (UA) f\u00fcr Stimme und zwei mechanische Schreibmaschinen, Text von S\u00f6ren Sarbeck, NKM &#8211; Neues Kollektiv M\u00fcnchen, Theater HochX<\/p>\n\n\n\n<p>&#8211; 15.8.24, Frei nach Derrida: Mit Marx&#8216; Gespenstern reden, Ensemble Recherche und Trio Abstrakt, Concerto Bavarese, B2 &#8222;So what? &#8211; putin &amp; tchaikovsky, Johannes Gutfleisch (Violoncello), Andreas Skouras (Klavier), <\/p>\n\n\n\n<p>&#8211; 15.8.24, So what? &#8211; putin &amp; tchaikovsky&#8220; (Johannes Gutfleisch, Violoncello; Andreas Skouras, Klavier), Concerto Bavarese, B2<\/p>\n\n\n\n<p>&#8211; 20.8.24, 1.10.24, Streichquartett Nr. 1 &#8211; &#8222;H-I-A-S&#8220;, Zentaur-Quartett, Concerto Bavarese, B2<\/p>\n\n\n\n<p>&#8211; 6.9.24, Streichquartett Nr. 2 &#8211; &#8222;Linie und Block&#8220;, Quartetto Maurice, Concerto Bavarese, B2<\/p>\n\n\n\n<p>&#8211; 28.9.24, 4-9-13 Gruppetto f\u00fcr Streichtrio, Trio Coriolis, Antennengl\u00fchn &#8211; Tag der Neuen Musik, schwere reiter m\u00fcnchen<\/p>\n\n\n\n<p>&#8211; 1.10.24, Streichquartett Nr. 1 &#8211; &#8222;H-I-A-S&#8220;, Zentaur-Quartett, Concerto Bavarese, B2<\/p>\n\n\n\n<p>&#8211; 29.10.24, \u00dcber die wahre Art \u00f6konomischen Musizierens, Martin Mallaun (Diskantzither), Galerie Belleparais M\u00fcnchen, sonic solo Reihe der mgnm<\/p>\n\n\n\n<p>&#8211; 10.11.24, secundum naturam in memoriam Gloria Coates f\u00fcr Orchester, Rainbow Sound Orchestra Munich, Himmelfahrtskirche M\u00fcnchen-Sendling<\/p>\n\n\n\n<p>&#8211; 10.11.24, Lesefassung f\u00fcr Streichorchester des Adagios der 10. Sinfonie von Gustav Mahler (UA), Rainbow Sound Orchestra Munich, Himmelfahrtskirche M\u00fcnchen-Sendling<\/p>\n\n\n\n<p>&#8211; 10.11.24, Reduzierte Fassung f\u00fcr Kammerorchester des Zwischenspiels und der folgenden Arie der Danae in instrumentaler Bearbeitung aus dem 3. Akt der Oper Liebe der Danae von Richard Strauss (UA), Rainbow Sound Orchestra Munich, Himmelfahrtskirche M\u00fcnchen-Sendling<\/p>\n\n\n\n<p>&#8211; 19.11.24, Streichquartett Nr. 1 &#8211; &#8222;H-I-A-S&#8220;, Zentaur-Quartett, Concerto Bavarese, B2<\/p>\n\n\n\n<p>&#8211; 10.11.24, Bearbeitung f\u00fcr reduziertes Orchester: Prelude, Scherzettino aus Callirhoe von C\u00e9cile Chaminade, Rainbow Sound Orchestra Munich, Himmelfahrtskirche M\u00fcnchen-Sendling<\/p>\n\n\n\n<p>&#8211; 18.12.24, Nuovo Concerto di Natale, NKM &#8211; Neues Kollektiv M\u00fcnchen, Schwere Reiter <\/p>\n\n\n\n<p><strong>2023<\/strong><\/p>\n\n\n\n<p>&#8211; 5.1.23, So what &#8211; Putin &amp; Tschaikowsky, Andreas Skouras (Klavier), Johannes Gutfleisch (Cello), B2, Concerto Bavarese<\/p>\n\n\n\n<p>&#8211; 24.1.23, Linie und Block, 2. Streichquartett, Sendung BR2, Concerto Bavarese<\/p>\n\n\n\n<p>&#8211; 6.2.23, 4-9-13 Gruppetto f\u00fcr Streichtrio (UA), Mensuralkanon \u00fcber das HIAS-Lied f\u00fcr Streichquartett (UA), limite, stanze, passaggi f\u00fcr Viola &amp; Live-Elektronik, Duo f\u00fcr Viola und Cello, H-I-A-S 1. Streichquartett, Trio Coriolis und Nina Takai, schwere reiter m\u00fcnchen<\/p>\n\n\n\n<p>&#8211; 10.2.23, KOMMA-Sequenz, MGNM Festivalensemble, Peter Hirsch, Sendung BR 2, Concerto Bavarese<\/p>\n\n\n\n<p>&#8211; 13.2.23, Adamic Songs, Fassung f\u00fcr Bariton und Klavier (UA) und Der Hecht, Ansgar Theis (Bariton und Lauriane Follonier (Klavier), Studio f\u00fcr Neue Musik, Tonk\u00fcnstler M\u00fcnchen, Rubinstein-Saal<\/p>\n\n\n\n<p>&#8211; 6.3.23, Drei Gemeinsamkeiten (UA), Christian Segmehl (Sax.) und Moritz Eggert (Klav.), Studio f\u00fcr Neue Musik, Tonk\u00fcnstler M\u00fcnchen, Rubinstein-Saal <\/p>\n\n\n\n<p>&#8211; 16.3.23, MenschenSchneiden, Leopold Hurt (Zither), Martin Jaggi (Cello), B2, Concerto Bavarese<\/p>\n\n\n\n<p>&#8211; 29.5.23, Wir wohnen in einem Schwarzen Loch (UA), Broken Frames Syndicate, Weimarer Fr\u00fchjahrstage f\u00fcr Neue Musik<\/p>\n\n\n\n<p>&#8211; 17.6.23, Tombeau pour de Falla a la maniere de John Cage, Rainbow Sound Orchestra Munich, Various Voices Bologna <\/p>\n\n\n\n<p>&#8211; 22.6.23, Tombeau pour de Falla a la maniere de John Cage, Rainbow Sound Orchestra Munich, Regenbogenkonzert der M\u00fcnchner Philharmoniker, Altes Rathaus M\u00fcnchen<\/p>\n\n\n\n<p>&#8211; 24.6.23, Frei nach Derrida: Mit Marx&#8216; Gespenstern reden (UA), Ensemble Recherche und Trio Abstrakt, aDevantgarde-Festival, schwere reiter m\u00fcnchen, Mitschnitt durch BR-Klassik<\/p>\n\n\n\n<p>&#8211; 2.7.23, Sechs Brandneue Intermezzi zu altbekannten Novit\u00e4ten f\u00fcr Salonorchester, aDevantgarde-Festival<\/p>\n\n\n\n<p>&#8211; 3.10.23, So what &#8211; Putin &amp; Tschaikowsky, So what &#8211; Putin &amp; Tschaikowsky, Andreas Skouras (Klavier), Johannes Gutfleisch (Cello), B2, Concerto Bavarese <\/p>\n\n\n\n<p>&#8211; 21.10.23, Mensuralkanon \u00fcber das HIAS-Lied, Version f\u00fcr Streichorchester, Rainbow Sound Orchestra Munich, Himmelfahrtskirche M\u00fcnchen-Sendling<\/p>\n\n\n\n<p>&#8211; 26.10.23, Labormedizinischer Befund Alexander Strauch (UA), NKM &#8211; Neues Kollektiv, Schwere Reiter M\u00fcnchen<\/p>\n\n\n\n<p>&#8211; 21.11.23, Verzicht, Hanno Simons (Cello), Galerie Belleparais, MGNM, M\u00fcnchen<\/p>\n\n\n\n<p>&#8211; 14.12.23, Frei nach Derrida: Mit Marx&#8216; Gespenstern reden, Ensemble Recherche und Trio Abstrakt, BR-Klassik, Horizonte<\/p>\n\n\n\n<p>&#8211; 15.12.23, To bury a piano (UA), NKM &#8211; Neues Kollektiv M\u00fcnchen, schwere reiter M\u00fcnchen<\/p>\n\n\n\n<p><\/p>\n","protected":false},"excerpt":{"rendered":"<p>2025 &#8211; 21.3.25, 20:00, Logo &amp; Animated Gif III. J.X.S (3 min.), Jan Gerdes, Klavier, schwere reiter m\u00fcnchen &#8211; 21.3.25, Concerto bavarese, Kampf von \u00c1smund und Hildebrand (Gr. Ensemble) (13 min.) &#8211; 10.4.25, 20:00, MNEMOSYNE VARIANTEN &#8211; eine auskomponierte Pousseur-Interpretation (8 min.), NKM, schwere reiter m\u00fcnchen &#8211; 10.4.25, 20:00, variations vagues avec des vagues: tant\u00f4t [&hellip;]<\/p>\n","protected":false},"author":1,"featured_media":0,"parent":0,"menu_order":0,"comment_status":"closed","ping_status":"closed","template":"","meta":{"footnotes":""},"class_list":["post-28","page","type-page","status-publish","hentry"],"jetpack_sharing_enabled":true,"_links":{"self":[{"href":"https:\/\/strauchcomposer.de\/index.php\/wp-json\/wp\/v2\/pages\/28","targetHints":{"allow":["GET"]}}],"collection":[{"href":"https:\/\/strauchcomposer.de\/index.php\/wp-json\/wp\/v2\/pages"}],"about":[{"href":"https:\/\/strauchcomposer.de\/index.php\/wp-json\/wp\/v2\/types\/page"}],"author":[{"embeddable":true,"href":"https:\/\/strauchcomposer.de\/index.php\/wp-json\/wp\/v2\/users\/1"}],"replies":[{"embeddable":true,"href":"https:\/\/strauchcomposer.de\/index.php\/wp-json\/wp\/v2\/comments?post=28"}],"version-history":[{"count":16,"href":"https:\/\/strauchcomposer.de\/index.php\/wp-json\/wp\/v2\/pages\/28\/revisions"}],"predecessor-version":[{"id":233,"href":"https:\/\/strauchcomposer.de\/index.php\/wp-json\/wp\/v2\/pages\/28\/revisions\/233"}],"wp:attachment":[{"href":"https:\/\/strauchcomposer.de\/index.php\/wp-json\/wp\/v2\/media?parent=28"}],"curies":[{"name":"wp","href":"https:\/\/api.w.org\/{rel}","templated":true}]}}