{"id":221,"date":"2025-02-02T02:36:53","date_gmt":"2025-02-02T02:36:53","guid":{"rendered":"https:\/\/strauchcomposer.de\/?page_id=221"},"modified":"2025-02-02T02:36:53","modified_gmt":"2025-02-02T02:36:53","slug":"conducting","status":"publish","type":"page","link":"https:\/\/strauchcomposer.de\/index.php\/conducting\/","title":{"rendered":"CONDUCTING"},"content":{"rendered":"\n<p>Alexander Strauch leitet immer wieder als Komponist auch dirigierend Ensembles und Orchester. Hier seine Repertoire mit mehr als 130 Werken \/ Composer Alexander Strauch conducts again and again ensembles and orchestras. Here the repertoire-list with more than 130 works:<\/p>\n\n\n\n<figure class=\"wp-block-table\"><table class=\"has-fixed-layout\"><tbody><tr><td>Alban Berg: Jugendlieder arr. A. Strauch<\/td><\/tr><tr><td>Alexander Strauch: Adagio f\u00fcr Orchester (1988)<\/td><\/tr><tr><td>Alexander Strauch: Arie des Hythloday aus dem Finale der Oper U.toper<\/td><\/tr><tr><td>Alexander Strauch: Die St\u00e4dte sind gr\u00fcn oder blau<\/td><\/tr><tr><td>Alexander Strauch: Fanfaren-Verfahren-Ouvert\u00fcre (UA, 2018)<\/td><\/tr><tr><td>Alexander Strauch: Four Queer Mini Dances (UA, 2022)<\/td><\/tr><tr><td>Alexander Strauch: Intermezzo fun\u00e8bre<\/td><\/tr><tr><td>Alexander Strauch: Mensuralkanon \u00fcber das Hias-Lied f\u00fcr Streichorchester (UA, 2023)<\/td><\/tr><tr><td>Alexander Strauch: Ouvert\u00fcre \u00fcber \u201eDer Hahn ist tot\u201c<\/td><\/tr><tr><td>Alexander Strauch: Romance \u2013 Intermezzo f\u00fcr kleines Orchester in F-Dur<\/td><\/tr><tr><td>Alexander Strauch: secundum naturam (2024): in memoriam Gloria Coates<\/td><\/tr><tr><td>Alexander Strauch: Tombeau pour de Falla a la maniere de Cage<\/td><\/tr><tr><td>Alexander Zuckowski et al.: Rise like a Phoenix<\/td><\/tr><tr><td>Anna Amalia: Ouvert\u00fcre in G-Dur&nbsp;<\/td><\/tr><tr><td>Anton Bruckner: Marsch in d-moll &amp; 3 St\u00fccke<\/td><\/tr><tr><td>Anton Fils: Symphonie in A-major (Titelmelodie zur BR-Sendung &#8222;Unser Land&#8220;)<\/td><\/tr><tr><td>Antonio Salieri: Die Danaiden \u2013 Ouverture und Arien<\/td><\/tr><tr><td>Antonio Salieri: Tarare \u2013 Ouverture<\/td><\/tr><tr><td>Arash Safaian: Nachtmusik \u2013 Fantasie 1789<\/td><\/tr><tr><td>Arthur Honegger: Pastorale d\u2018Ete<\/td><\/tr><tr><td>B\u00e9la Bart\u00f3k: Auswahl aus Zehn einfachen St\u00fccken (instr. A. Strauch)<\/td><\/tr><tr><td>Bela Bartok: Rum\u00e4nische Volkst\u00e4nze<\/td><\/tr><tr><td>Carl Maria von Weber: Symphonie Nr. 1<\/td><\/tr><tr><td>Carl Philipp Emanuel Bach: Sinfonie in D-Dur&nbsp;<\/td><\/tr><tr><td>C\u00e9cile Chaminade: Suite d\u2019orchestre Callirho\u00eb (1887)<\/td><\/tr><tr><td>Charles Gounod: Introduktion zur Oper Sappho<\/td><\/tr><tr><td>Christian Cannabich: Ouvert\u00fcre C-Dur<\/td><\/tr><tr><td>Christian Cannabich: Sinfonia a 12 in B-Dur<\/td><\/tr><tr><td>Christoph Graupner: Ouvert\u00fcre in F-Dur, Le D\u00e9sire<\/td><\/tr><tr><td>Christoph W. Gluck: Ouvert\u00fcre zur Oper Iphigenie in Aulis<\/td><\/tr><tr><td>Christoph Willibald Gluck: Alceste-Ouvert\u00fcre<\/td><\/tr><tr><td>Clara Schumann: Allegro, 1. Satz Sonate g-moll (instrumentiert von Alexander Strauch 2020\/22)<\/td><\/tr><tr><td>Claude Debussy: Pr\u00e9ludes, arr. A. Strauch&nbsp;<\/td><\/tr><tr><td>Claude Debussy: Suite Bergamasque arr. A. Strauch<\/td><\/tr><tr><td>Dorothea Hofmann: FURIE \u2013 Intermezzo f\u00fcr Orchester (UA, 2018)<\/td><\/tr><tr><td>\u00c9lisabeth-Claude Jacquet de La Guerre&nbsp;(1665-1729): Prolog aus der Oper \u201cC\u00e9phale et Procris\u201d<\/td><\/tr><tr><td>Emmanuel Chabrier: Suite Pastorale&nbsp;<\/td><\/tr><tr><td>Engelbert Humperdinck: H\u00e4nsel &amp; Gretel (Sandmann, Abendsegen &amp; Pantomime)<\/td><\/tr><tr><td>Felix Mendelssohn Bartholdy: Hebriden Ouvert\u00fcre (=The Hebrides Overture)<\/td><\/tr><tr><td>Florence Price: Adoration (arr. R. Jones \/ A. Strauch)<\/td><\/tr><tr><td>Florence Price: Nobody knows the trouble I\u2019ve seen (instr. A. Strauch)<\/td><\/tr><tr><td>Fran\u00e7ois-Adrien Boieldieu: Ouvert\u00fcre aus der Oper &#8222;Der Kalif von Bagdad&#8220;<\/td><\/tr><tr><td>Franz Schmidt: Intermezzo aus Notre Dame<\/td><\/tr><tr><td>Franz Schubert: Ouvert\u00fcre (im italienischen Stil) f\u00fcr Orchester (D-Dur)<\/td><\/tr><tr><td>Franz Schubert: Ouvert\u00fcre Der Teufel als Hydraulicus<\/td><\/tr><tr><td>Franz Schubert: Ouvert\u00fcre zu Der Spiegelritter<\/td><\/tr><tr><td>Franz Schubert: Sinfonie-Fragment D-Dur D.936a&nbsp;<\/td><\/tr><tr><td>Franz Schubert: Symphonie Nr. 5 (B-Dur)<\/td><\/tr><tr><td>Franz Schubert: Symphonie Nr. 6 (C-Dur)<\/td><\/tr><tr><td>Friedrich der Gro\u00dfe: Sinfonia da \u201eIl Re Pastore\u201c in D-Dur<\/td><\/tr><tr><td>Georg F. H\u00e4ndel: Concerto a due Cori HWV 332 (B-Dur)<\/td><\/tr><tr><td>Georg F. H\u00e4ndel: Concerto grosso op.6 Nr.4 a-moll<\/td><\/tr><tr><td>Georg F. H\u00e4ndel: Feuerwerksmusik&nbsp;<\/td><\/tr><tr><td>Georg Joseph Vogler: Sinfonie in C-Dur<\/td><\/tr><tr><td>Giacomo Puccini: Adagetto per orchestra<\/td><\/tr><tr><td>Gioachino Rossini: IL Signor Bruschino. Ouvert\u00fcre<\/td><\/tr><tr><td>Giuseppe Verdi: La Traviata \u2013 Vorspiel 1. Akt<\/td><\/tr><tr><td>Giuseppe Verdi: Nabucodonsor Ouvert\u00fcre<\/td><\/tr><tr><td>Giuseppe Verdi: Otello \u2013 Ballabili 3o Atto<\/td><\/tr><tr><td>Giuseppe Verdi: Preludio zum 1. Akt der Oper La Traviata<\/td><\/tr><tr><td>Giuseppe Verdi: Un Ballo in Maschera<\/td><\/tr><tr><td>Gustav Mahler: 10. Sinfonie (1910), 5. Satz: Eine Lese-Fassung f\u00fcr Streichorchester (arr. Alexander Strauch)<\/td><\/tr><tr><td>Hans Rott: Suite B-Dur, Scherzo<\/td><\/tr><tr><td>Hans Werner Henze: Der junge T\u00f6rless \u2013 Fantasia f\u00fcr Streichsextett (Ausschnitte)<\/td><\/tr><tr><td>Henri Duparc: Aux Etoiles<\/td><\/tr><tr><td>Henry Mancini: Moon River<\/td><\/tr><tr><td>Henry Purcell: Dido\u2018s Lament aus der Oper Dido und Aeneas<\/td><\/tr><tr><td>Jan V\u00e1clav Vo\u0159\u00ed\u0161ek: Sinfonie in D-Dur<\/td><\/tr><tr><td>Jean Philippe Rameau: Les Bor\u00e9ades, Suite<\/td><\/tr><tr><td>Jean-Philippe Rameau: Les Indes Galantes, Suite<\/td><\/tr><tr><td>Johann Christian Bach: Symphony in B-Dur (Op. 18, Nr.2)<\/td><\/tr><tr><td>Johann Nepomuk Hummel: Ouvert\u00fcre Op. 101 (B-Dur)<\/td><\/tr><tr><td>Johann Paul Aegidius Martini: Ouvert\u00fcre aus der Oper \u201eSapho\u201c<\/td><\/tr><tr><td>Johann Sebastian Bach: Air<\/td><\/tr><tr><td>Johann Sebastian Bach: Suite Nr. 2 in h-moll (BWV 1067)<\/td><\/tr><tr><td>Johann Stamitz: Symphonie in Es-Dur<\/td><\/tr><tr><td>Johann Wenzel Kalliwoda: Sinfonie Nr. 5 h-moll, 1. Satz<\/td><\/tr><tr><td>Johannes Brahms: Serenade Nr. 1 in D-Dur, Op. 11<\/td><\/tr><tr><td>Johannes Schachtner: F\u00fcnf Leipziger Lieder f\u00fcr Gesang und Streicher (Ausz\u00fcge)<\/td><\/tr><tr><td>Joseph Haydn: Sinfonie Nr. 47 in G-Dur<\/td><\/tr><tr><td>Joseph Haydn: Sinfonie Nr. 83 G-moll<\/td><\/tr><tr><td>Joseph Haydn: Sinfonie Nr. 89 F-Dur<\/td><\/tr><tr><td>Joseph Haydn: Sinfonie Nr. 95 C-Moll<\/td><\/tr><tr><td>Joseph Haydn: Sinfonie Nr. 96 D-Dur<\/td><\/tr><tr><td>Joseph Haydn: Sinfonie Nr. 99 Es-Dur<\/td><\/tr><tr><td>Joseph Martin Kraus: Sinfonie in c-moll<\/td><\/tr><tr><td>Lodewijk Mortelmans: Erinnerungen an Patroklos Tod, II. Satz der Homerischen Symphonie<\/td><\/tr><tr><td>Ludwig van Beethoven: Symphony No. 1 in C Major<\/td><\/tr><tr><td>Ludwig van Beethoven: Symphony No. 8 in F Major<\/td><\/tr><tr><td>Manuel de Falla: El amor brujo (Ausschnitte)<\/td><\/tr><tr><td>Manuel de Falla: Serenata Andaluza (orch. v. A. Strauch)<\/td><\/tr><tr><td>Maria Antonia Walpurgis Symphorosa: Sinfonia (D-Dur)<\/td><\/tr><tr><td>Maurice Ravel: Cinq melodies populaires grecques<\/td><\/tr><tr><td>Maurice Ravel: Pavane pour un enfant defunte<\/td><\/tr><tr><td>Modest Mussorgsky: Boris Godunov \u2013 Prologfantasie arr. A. Strauch<\/td><\/tr><tr><td>Modest Mussorgsky: Introduktion und Polonaise aus Boris Godunow III. Akt (Fassung 1874) (neu eingerichtet nach der Originalfassung von Alexander Strauch)<\/td><\/tr><tr><td>Modest Mussorgsky: Khovanchina \u2013 Vorspiel<\/td><\/tr><tr><td>Modest Mussorgsky: Oper \u201eBoris Godunov\u201c \u2013 Marina Fantasie<\/td><\/tr><tr><td>Moritz Eggert: Arie der Dominque aus der Oper Freax<\/td><\/tr><tr><td>Mychajlo Werbyzkyj: Orchester Suite&nbsp;<\/td><\/tr><tr><td>Mychajlo Werbyzkyj: Symphonie Nr. 1 in D Dur<\/td><\/tr><tr><td>Mykola Lysenko: Molytva za Ukrainyu<\/td><\/tr><tr><td>Myroslav Skoryk: Melodia<\/td><\/tr><tr><td>Niccol\u00f2 Piccinni: Atys Ouverture<\/td><\/tr><tr><td>Nikolai Myaskovsky: II. Adagio aus Sinfonie Nr. 20 in E-Dur, op. 50<\/td><\/tr><tr><td>Norbert Burgm\u00fcller: Sinfonie Nr. 2 in D-Dur<\/td><\/tr><tr><td>Norbert Burgm\u00fcller: Vier Entreactes \u2013 Nr. 1 Adagio<\/td><\/tr><tr><td>Olivier Messiaen: Vocalise-\u00c9tude<\/td><\/tr><tr><td>Paul Wranitzky: Sinfonie c-moll op. 31<\/td><\/tr><tr><td>Paul Wranitzky: Sinfonie in B-Dur op. 33, Nr. 1<\/td><\/tr><tr><td>Paul Wranitzky: Sinfonie in F-Dur Op. 33, No. 3<\/td><\/tr><tr><td>Peter Tschaikowsky: Ouvert\u00fcre in F-Dur, erste Fassung<\/td><\/tr><tr><td>Richard Strauss: Liebe der Danae, Zwischenspiel 3. Akt&nbsp;<\/td><\/tr><tr><td>Richard Wagner: Albumblatt Es-Dur (f\u00fcr Frau Betty Scott) arr. A. Strauch<\/td><\/tr><tr><td>Richard Wagner: Huldigungsmarsch<\/td><\/tr><tr><td>Richard Wagner: Lohengrin \u2013 Vorspiel 1. Akt (arr. A. Strauch)<\/td><\/tr><tr><td>Richard Wagner: Sonate in As-Dur arr. A. Strauch<\/td><\/tr><tr><td>Richard Wagner: Vorspiel des 3. Aktes der Meistersinger von N\u00fcrnberg<\/td><\/tr><tr><td>Robert Schumann: Fest-Ouvert\u00fcre (\u00fcber das Rheinweinlied \u201eBekr\u00e4nzt mit Laub\u201c)<\/td><\/tr><tr><td>Robert Schumann: Zwickauer Sinfonie (Jugendsinfonie) i<\/td><\/tr><tr><td>Steve Reich: Duet for two violins and strings<\/td><\/tr><tr><td>Wilhem Killmayer: Sechs leichte St\u00fccke f\u00fcr Streichorchester<\/td><\/tr><tr><td>Wolfgang Amadeus Mozart: 3 Deutsche T\u00e4nze<\/td><\/tr><tr><td>Wolfgang Amadeus Mozart: 6 Deutsche T\u00e4nze<\/td><\/tr><tr><td>Wolfgang Amadeus Mozart: Idomeneo, Ouvert\u00fcre mit Konzertschluss von Alexander Strauch<\/td><\/tr><tr><td>Wolfgang Amadeus Mozart: Kirchensonate C-Dur KV 328<\/td><\/tr><tr><td>Wolfgang Amadeus Mozart: Ouvert\u00fcre &#8222;La clemenza di Tito&#8220;&nbsp;<\/td><\/tr><tr><td>Wolfgang Amadeus Mozart: Overt\u00fcre \u201eIl sposo deluso\u201c<\/td><\/tr><tr><td>Wolfgang Amadeus Mozart: Sinfonia Nr. 20 in D-Dur<\/td><\/tr><tr><td>Wolfgang Amadeus Mozart: Sinfonie Nr. 23 in D-Dur<\/td><\/tr><tr><td>Wolfgang Amadeus Mozart: Sinfonia Nr. 26 in Es-Dur<\/td><\/tr><tr><td>Wolfgang Amadeus Mozart: Sinfonie&nbsp;Nr. 31 in D-Dur, Pariser Sinfonie<\/td><\/tr><tr><td>Wolfgang Amadeus Mozart: Sinfonie Nr. 32 in G-Dur<\/td><\/tr><\/tbody><\/table><\/figure>\n","protected":false},"excerpt":{"rendered":"<p>Alexander Strauch leitet immer wieder als Komponist auch dirigierend Ensembles und Orchester. Hier seine Repertoire mit mehr als 130 Werken \/ Composer Alexander Strauch conducts again and again ensembles and orchestras. Here the repertoire-list with more than 130 works: Alban Berg: Jugendlieder arr. A. Strauch Alexander Strauch: Adagio f\u00fcr Orchester (1988) Alexander Strauch: Arie des [&hellip;]<\/p>\n","protected":false},"author":1,"featured_media":0,"parent":0,"menu_order":0,"comment_status":"closed","ping_status":"closed","template":"","meta":{"footnotes":""},"class_list":["post-221","page","type-page","status-publish","hentry"],"jetpack_sharing_enabled":true,"_links":{"self":[{"href":"https:\/\/strauchcomposer.de\/index.php\/wp-json\/wp\/v2\/pages\/221","targetHints":{"allow":["GET"]}}],"collection":[{"href":"https:\/\/strauchcomposer.de\/index.php\/wp-json\/wp\/v2\/pages"}],"about":[{"href":"https:\/\/strauchcomposer.de\/index.php\/wp-json\/wp\/v2\/types\/page"}],"author":[{"embeddable":true,"href":"https:\/\/strauchcomposer.de\/index.php\/wp-json\/wp\/v2\/users\/1"}],"replies":[{"embeddable":true,"href":"https:\/\/strauchcomposer.de\/index.php\/wp-json\/wp\/v2\/comments?post=221"}],"version-history":[{"count":1,"href":"https:\/\/strauchcomposer.de\/index.php\/wp-json\/wp\/v2\/pages\/221\/revisions"}],"predecessor-version":[{"id":222,"href":"https:\/\/strauchcomposer.de\/index.php\/wp-json\/wp\/v2\/pages\/221\/revisions\/222"}],"wp:attachment":[{"href":"https:\/\/strauchcomposer.de\/index.php\/wp-json\/wp\/v2\/media?parent=221"}],"curies":[{"name":"wp","href":"https:\/\/api.w.org\/{rel}","templated":true}]}}